{"id":22,"date":"2025-10-16T14:50:26","date_gmt":"2025-10-16T14:50:26","guid":{"rendered":"https:\/\/dummy.xtemos.com\/woodmart2\/christmas-shop-elementor\/?page_id=22"},"modified":"2026-03-19T11:04:43","modified_gmt":"2026-03-19T10:04:43","slug":"lista-zyczen","status":"publish","type":"page","link":"https:\/\/4grass.pl\/en\/lista-zyczen\/","title":{"rendered":"Lista \u017cycze\u0144"},"content":{"rendered":"<div data-elementor-type=\"wp-page\" data-elementor-id=\"22\" class=\"elementor elementor-22\">\n\t\t\t\t<div class=\"wd-negative-gap elementor-element elementor-element-5dd70f8 e-flex e-con-boxed e-con e-parent\" data-id=\"5dd70f8\" data-element_type=\"container\" data-e-type=\"container\">\n\t\t\t\t\t<div class=\"e-con-inner\">\n\t\t\t\t<div class=\"elementor-element elementor-element-e8fd71e elementor-widget elementor-widget-wd_wishlist\" data-id=\"e8fd71e\" data-element_type=\"widget\" data-e-type=\"widget\" data-widget_type=\"wd_wishlist.default\">\n\t\t\t\t<div class=\"elementor-widget-container\">\n\t\t\t\t\t\t\t\n\t\t\n\n\t\t\t\t<div class=\"\" >\n\t\t\t\t\t\t<div class=\"wd-wishlist-content\">\n\t\t\t\t\t\t\t\t\t\n\t\t<div class=\"wd-empty-block wd-empty-wishlist\">\n\n\t\t<h2 class=\"wd-empty-block-title\">\n\t\t\tThis wishlist is empty.\t\t<\/h2>\n\n\t\t\t\t\t<p class=\"wd-empty-block-text\">\n\t\t\t\tNie masz jeszcze \u017cadnych produkt\u00f3w na li\u015bcie \u017cycze\u0144. Wiele interesuj\u0105cych produkt\u00f3w znajdziesz na naszej stronie \u201eSklep\u201d.\t\t\t<\/p>\n\t\t\n\t\t\n\t\t\t\t\t<a class=\"button btn btn-accent wd-empty-block-btn\" href=\"https:\/\/4grass.pl\/en\/sklep\/\">\n\t\t\t\tReturn to shop\t\t\t<\/a>\n\t\t\n\t\t\t\t\t<\/div>\n\t\t\t\t\t\t\t\t\t\t\t<\/div>\n\t\t\t\t<\/div>\n\t\t\t\t\t\t<\/div>\n\t\t\t\t<\/div>\n\t\t\t\t\t<\/div>\n\t\t\t\t<\/div>\n\t\t\t\t<\/div>","protected":false},"excerpt":{"rendered":"<p>My account Dashboard Orders Downloads Addresses Account details Wishlist Logout This wishlist is empty. You don&#8217;t have any products in<\/p>","protected":false},"author":1,"featured_media":0,"parent":0,"menu_order":0,"comment_status":"closed","ping_status":"closed","template":"","meta":{"footnotes":""},"class_list":["post-22","page","type-page","status-publish","hentry"],"yoast_head":"<!-- This site is optimized with the Yoast SEO Premium plugin v24.4 (Yoast SEO v27.3) - https:\/\/yoast.com\/product\/yoast-seo-premium-wordpress\/ -->\n<title>Lista \u017cycze\u0144 - 4 Grass<\/title>\n<meta name=\"description\" content=\"4 Grass. Hurtownia z nawadnianiem. Jako specjali\u015bci w dziedzinie system\u00f3w nawadniania, oferujemy nie tylko szeroki asortyment produkt\u00f3w od renomowanych \u015bwiatowych producent\u00f3w, ale przede wszystkim kompleksowe wsparcie na ka\u017cdym etapie inwestycji.\" \/>\n<meta name=\"robots\" content=\"index, follow, max-snippet:-1, max-image-preview:large, max-video-preview:-1\" \/>\n<link rel=\"canonical\" href=\"https:\/\/4grass.pl\/en\/lista-zyczen\/\" \/>\n<meta property=\"og:locale\" content=\"en_US\" \/>\n<meta property=\"og:type\" content=\"article\" \/>\n<meta property=\"og:title\" content=\"Lista \u017cycze\u0144 | 4 Grass. Hurtownia z nawadnianiem\" \/>\n<meta property=\"og:description\" content=\"4 Grass. Hurtownia z nawadnianiem. Jako specjali\u015bci w dziedzinie system\u00f3w nawadniania, oferujemy nie tylko szeroki asortyment produkt\u00f3w od renomowanych \u015bwiatowych producent\u00f3w, ale przede wszystkim kompleksowe wsparcie na ka\u017cdym etapie inwestycji.\" \/>\n<meta property=\"og:url\" content=\"https:\/\/4grass.pl\/en\/lista-zyczen\/\" \/>\n<meta property=\"og:site_name\" content=\"4 Grass\" \/>\n<meta property=\"article:publisher\" content=\"https:\/\/www.facebook.com\/4grassbabice\/\" \/>\n<meta property=\"article:modified_time\" content=\"2026-03-19T10:04:43+00:00\" \/>\n<meta property=\"og:image\" content=\"https:\/\/4grass.pl\/wp-content\/uploads\/2026\/03\/zbcx0lvsfw.jpg\" \/>\n\t<meta property=\"og:image:width\" content=\"1600\" \/>\n\t<meta property=\"og:image:height\" content=\"1067\" \/>\n\t<meta property=\"og:image:type\" content=\"image\/jpeg\" \/>\n<meta name=\"twitter:card\" content=\"summary_large_image\" \/>\n<script type=\"application\/ld+json\" class=\"yoast-schema-graph\">{\"@context\":\"https:\\\/\\\/schema.org\",\"@graph\":[{\"@type\":\"WebPage\",\"@id\":\"https:\\\/\\\/4grass.pl\\\/lista-zyczen\\\/\",\"url\":\"https:\\\/\\\/4grass.pl\\\/lista-zyczen\\\/\",\"name\":\"Lista \u017cycze\u0144 - 4 Grass\",\"isPartOf\":{\"@id\":\"https:\\\/\\\/4grass.pl\\\/#website\"},\"datePublished\":\"2025-10-16T14:50:26+00:00\",\"dateModified\":\"2026-03-19T10:04:43+00:00\",\"description\":\"4 Grass. Hurtownia z nawadnianiem. Jako specjali\u015bci w dziedzinie system\u00f3w nawadniania, oferujemy nie tylko szeroki asortyment produkt\u00f3w od renomowanych \u015bwiatowych producent\u00f3w, ale przede wszystkim kompleksowe wsparcie na ka\u017cdym etapie inwestycji.\",\"breadcrumb\":{\"@id\":\"https:\\\/\\\/4grass.pl\\\/lista-zyczen\\\/#breadcrumb\"},\"inLanguage\":\"en-US\",\"potentialAction\":[{\"@type\":\"ReadAction\",\"target\":[\"https:\\\/\\\/4grass.pl\\\/lista-zyczen\\\/\"]}]},{\"@type\":\"BreadcrumbList\",\"@id\":\"https:\\\/\\\/4grass.pl\\\/lista-zyczen\\\/#breadcrumb\",\"itemListElement\":[{\"@type\":\"ListItem\",\"position\":1,\"name\":\"Strona g\u0142\u00f3wna\",\"item\":\"https:\\\/\\\/4grass.pl\\\/\"},{\"@type\":\"ListItem\",\"position\":2,\"name\":\"Lista \u017cycze\u0144\"}]},{\"@type\":\"WebSite\",\"@id\":\"https:\\\/\\\/4grass.pl\\\/#website\",\"url\":\"https:\\\/\\\/4grass.pl\\\/\",\"name\":\"4 Grass\",\"description\":\"\",\"publisher\":{\"@id\":\"https:\\\/\\\/4grass.pl\\\/#organization\"},\"potentialAction\":[{\"@type\":\"SearchAction\",\"target\":{\"@type\":\"EntryPoint\",\"urlTemplate\":\"https:\\\/\\\/4grass.pl\\\/?s={search_term_string}\"},\"query-input\":{\"@type\":\"PropertyValueSpecification\",\"valueRequired\":true,\"valueName\":\"search_term_string\"}}],\"inLanguage\":\"en-US\"},{\"@type\":\"Organization\",\"@id\":\"https:\\\/\\\/4grass.pl\\\/#organization\",\"name\":\"4 Grass\",\"url\":\"https:\\\/\\\/4grass.pl\\\/\",\"logo\":{\"@type\":\"ImageObject\",\"inLanguage\":\"en-US\",\"@id\":\"https:\\\/\\\/4grass.pl\\\/#\\\/schema\\\/logo\\\/image\\\/\",\"url\":\"https:\\\/\\\/4grass.pl\\\/wp-content\\\/uploads\\\/2026\\\/03\\\/LOGO-vektor-AKCEPT-e1773906645612.png\",\"contentUrl\":\"https:\\\/\\\/4grass.pl\\\/wp-content\\\/uploads\\\/2026\\\/03\\\/LOGO-vektor-AKCEPT-e1773906645612.png\",\"width\":925,\"height\":298,\"caption\":\"4 Grass\"},\"image\":{\"@id\":\"https:\\\/\\\/4grass.pl\\\/#\\\/schema\\\/logo\\\/image\\\/\"},\"sameAs\":[\"https:\\\/\\\/www.facebook.com\\\/4grassbabice\\\/\"],\"description\":\"4 Grass. Hurtownia z nawadnianiem. Jako specjali\u015bci w dziedzinie system\u00f3w nawadniania, oferujemy nie tylko szeroki asortyment produkt\u00f3w od renomowanych \u015bwiatowych producent\u00f3w, ale przede wszystkim kompleksowe wsparcie na ka\u017cdym etapie inwestycji.\"}]}<\/script>\n<!-- \/ Yoast SEO Premium plugin. -->","yoast_head_json":{"title":"Lista \u017cycze\u0144 - 4 Grass","description":"4 Grass. Hurtownia z nawadnianiem. Jako specjali\u015bci w dziedzinie system\u00f3w nawadniania, oferujemy nie tylko szeroki asortyment produkt\u00f3w od renomowanych \u015bwiatowych producent\u00f3w, ale przede wszystkim kompleksowe wsparcie na ka\u017cdym etapie inwestycji.","robots":{"index":"index","follow":"follow","max-snippet":"max-snippet:-1","max-image-preview":"max-image-preview:large","max-video-preview":"max-video-preview:-1"},"canonical":"https:\/\/4grass.pl\/en\/lista-zyczen\/","og_locale":"en_US","og_type":"article","og_title":"Lista \u017cycze\u0144 | 4 Grass. Hurtownia z nawadnianiem","og_description":"4 Grass. Hurtownia z nawadnianiem. Jako specjali\u015bci w dziedzinie system\u00f3w nawadniania, oferujemy nie tylko szeroki asortyment produkt\u00f3w od renomowanych \u015bwiatowych producent\u00f3w, ale przede wszystkim kompleksowe wsparcie na ka\u017cdym etapie inwestycji.","og_url":"https:\/\/4grass.pl\/en\/lista-zyczen\/","og_site_name":"4 Grass","article_publisher":"https:\/\/www.facebook.com\/4grassbabice\/","article_modified_time":"2026-03-19T10:04:43+00:00","og_image":[{"width":1600,"height":1067,"url":"https:\/\/4grass.pl\/wp-content\/uploads\/2026\/03\/zbcx0lvsfw.jpg","type":"image\/jpeg"}],"twitter_card":"summary_large_image","schema":{"@context":"https:\/\/schema.org","@graph":[{"@type":"WebPage","@id":"https:\/\/4grass.pl\/lista-zyczen\/","url":"https:\/\/4grass.pl\/lista-zyczen\/","name":"Lista \u017cycze\u0144 - 4 Grass","isPartOf":{"@id":"https:\/\/4grass.pl\/#website"},"datePublished":"2025-10-16T14:50:26+00:00","dateModified":"2026-03-19T10:04:43+00:00","description":"4 Grass. Hurtownia z nawadnianiem. Jako specjali\u015bci w dziedzinie system\u00f3w nawadniania, oferujemy nie tylko szeroki asortyment produkt\u00f3w od renomowanych \u015bwiatowych producent\u00f3w, ale przede wszystkim kompleksowe wsparcie na ka\u017cdym etapie inwestycji.","breadcrumb":{"@id":"https:\/\/4grass.pl\/lista-zyczen\/#breadcrumb"},"inLanguage":"en-US","potentialAction":[{"@type":"ReadAction","target":["https:\/\/4grass.pl\/lista-zyczen\/"]}]},{"@type":"BreadcrumbList","@id":"https:\/\/4grass.pl\/lista-zyczen\/#breadcrumb","itemListElement":[{"@type":"ListItem","position":1,"name":"Strona g\u0142\u00f3wna","item":"https:\/\/4grass.pl\/"},{"@type":"ListItem","position":2,"name":"Lista \u017cycze\u0144"}]},{"@type":"WebSite","@id":"https:\/\/4grass.pl\/#website","url":"https:\/\/4grass.pl\/","name":"4 Grass","description":"","publisher":{"@id":"https:\/\/4grass.pl\/#organization"},"potentialAction":[{"@type":"SearchAction","target":{"@type":"EntryPoint","urlTemplate":"https:\/\/4grass.pl\/?s={search_term_string}"},"query-input":{"@type":"PropertyValueSpecification","valueRequired":true,"valueName":"search_term_string"}}],"inLanguage":"en-US"},{"@type":"Organization","@id":"https:\/\/4grass.pl\/#organization","name":"4 Grass","url":"https:\/\/4grass.pl\/","logo":{"@type":"ImageObject","inLanguage":"en-US","@id":"https:\/\/4grass.pl\/#\/schema\/logo\/image\/","url":"https:\/\/4grass.pl\/wp-content\/uploads\/2026\/03\/LOGO-vektor-AKCEPT-e1773906645612.png","contentUrl":"https:\/\/4grass.pl\/wp-content\/uploads\/2026\/03\/LOGO-vektor-AKCEPT-e1773906645612.png","width":925,"height":298,"caption":"4 Grass"},"image":{"@id":"https:\/\/4grass.pl\/#\/schema\/logo\/image\/"},"sameAs":["https:\/\/www.facebook.com\/4grassbabice\/"],"description":"4 Grass. Hurtownia z nawadnianiem. Jako specjali\u015bci w dziedzinie system\u00f3w nawadniania, oferujemy nie tylko szeroki asortyment produkt\u00f3w od renomowanych \u015bwiatowych producent\u00f3w, ale przede wszystkim kompleksowe wsparcie na ka\u017cdym etapie inwestycji."}]}},"_links":{"self":[{"href":"https:\/\/4grass.pl\/en\/wp-json\/wp\/v2\/pages\/22","targetHints":{"allow":["GET"]}}],"collection":[{"href":"https:\/\/4grass.pl\/en\/wp-json\/wp\/v2\/pages"}],"about":[{"href":"https:\/\/4grass.pl\/en\/wp-json\/wp\/v2\/types\/page"}],"author":[{"embeddable":true,"href":"https:\/\/4grass.pl\/en\/wp-json\/wp\/v2\/users\/1"}],"replies":[{"embeddable":true,"href":"https:\/\/4grass.pl\/en\/wp-json\/wp\/v2\/comments?post=22"}],"version-history":[{"count":1,"href":"https:\/\/4grass.pl\/en\/wp-json\/wp\/v2\/pages\/22\/revisions"}],"predecessor-version":[{"id":10293,"href":"https:\/\/4grass.pl\/en\/wp-json\/wp\/v2\/pages\/22\/revisions\/10293"}],"wp:attachment":[{"href":"https:\/\/4grass.pl\/en\/wp-json\/wp\/v2\/media?parent=22"}],"curies":[{"name":"wp","href":"https:\/\/api.w.org\/{rel}","templated":true}]}}