{"id":9,"date":"2026-03-11T08:49:00","date_gmt":"2026-03-11T07:49:00","guid":{"rendered":"https:\/\/4grass.pl\/?page_id=9"},"modified":"2026-03-11T08:58:52","modified_gmt":"2026-03-11T07:58:52","slug":"koszyk","status":"publish","type":"page","link":"https:\/\/4grass.pl\/en\/koszyk\/","title":{"rendered":"Koszyk"},"content":{"rendered":"","protected":false},"excerpt":{"rendered":"","protected":false},"author":1,"featured_media":0,"parent":0,"menu_order":0,"comment_status":"closed","ping_status":"closed","template":"","meta":{"footnotes":""},"class_list":["post-9","page","type-page","status-publish","hentry"],"yoast_head":"<!-- This site is optimized with the Yoast SEO Premium plugin v24.4 (Yoast SEO v27.3) - https:\/\/yoast.com\/product\/yoast-seo-premium-wordpress\/ -->\n<title>Koszyk - 4 Grass<\/title>\n<meta name=\"description\" content=\"4 Grass. Hurtownia z nawadnianiem. Jako specjali\u015bci w dziedzinie system\u00f3w nawadniania, oferujemy nie tylko szeroki asortyment produkt\u00f3w od renomowanych \u015bwiatowych producent\u00f3w, ale przede wszystkim kompleksowe wsparcie na ka\u017cdym etapie inwestycji.\" \/>\n<meta name=\"robots\" content=\"index, follow, max-snippet:-1, max-image-preview:large, max-video-preview:-1\" \/>\n<link rel=\"canonical\" href=\"https:\/\/4grass.pl\/en\/koszyk\/\" \/>\n<meta property=\"og:locale\" content=\"en_US\" \/>\n<meta property=\"og:type\" content=\"article\" \/>\n<meta property=\"og:title\" content=\"Koszyk | 4 Grass. Hurtownia z nawadnianiem\" \/>\n<meta property=\"og:description\" content=\"4 Grass. Hurtownia z nawadnianiem. Jako specjali\u015bci w dziedzinie system\u00f3w nawadniania, oferujemy nie tylko szeroki asortyment produkt\u00f3w od renomowanych \u015bwiatowych producent\u00f3w, ale przede wszystkim kompleksowe wsparcie na ka\u017cdym etapie inwestycji.\" \/>\n<meta property=\"og:url\" content=\"https:\/\/4grass.pl\/en\/koszyk\/\" \/>\n<meta property=\"og:site_name\" content=\"4 Grass\" \/>\n<meta property=\"article:publisher\" content=\"https:\/\/www.facebook.com\/4grassbabice\/\" \/>\n<meta property=\"article:modified_time\" content=\"2026-03-11T07:58:52+00:00\" \/>\n<meta property=\"og:image\" content=\"https:\/\/4grass.pl\/wp-content\/uploads\/2026\/03\/zbcx0lvsfw.jpg\" \/>\n\t<meta property=\"og:image:width\" content=\"1600\" \/>\n\t<meta property=\"og:image:height\" content=\"1067\" \/>\n\t<meta property=\"og:image:type\" content=\"image\/jpeg\" \/>\n<meta name=\"twitter:card\" content=\"summary_large_image\" \/>\n<script type=\"application\/ld+json\" class=\"yoast-schema-graph\">{\"@context\":\"https:\\\/\\\/schema.org\",\"@graph\":[{\"@type\":\"WebPage\",\"@id\":\"https:\\\/\\\/4grass.pl\\\/koszyk\\\/\",\"url\":\"https:\\\/\\\/4grass.pl\\\/koszyk\\\/\",\"name\":\"Koszyk - 4 Grass\",\"isPartOf\":{\"@id\":\"https:\\\/\\\/4grass.pl\\\/#website\"},\"datePublished\":\"2026-03-11T07:49:00+00:00\",\"dateModified\":\"2026-03-11T07:58:52+00:00\",\"description\":\"4 Grass. Hurtownia z nawadnianiem. Jako specjali\u015bci w dziedzinie system\u00f3w nawadniania, oferujemy nie tylko szeroki asortyment produkt\u00f3w od renomowanych \u015bwiatowych producent\u00f3w, ale przede wszystkim kompleksowe wsparcie na ka\u017cdym etapie inwestycji.\",\"breadcrumb\":{\"@id\":\"https:\\\/\\\/4grass.pl\\\/koszyk\\\/#breadcrumb\"},\"inLanguage\":\"en-US\",\"potentialAction\":[{\"@type\":\"ReadAction\",\"target\":[\"https:\\\/\\\/4grass.pl\\\/koszyk\\\/\"]}]},{\"@type\":\"BreadcrumbList\",\"@id\":\"https:\\\/\\\/4grass.pl\\\/koszyk\\\/#breadcrumb\",\"itemListElement\":[{\"@type\":\"ListItem\",\"position\":1,\"name\":\"Strona g\u0142\u00f3wna\",\"item\":\"https:\\\/\\\/4grass.pl\\\/\"},{\"@type\":\"ListItem\",\"position\":2,\"name\":\"Koszyk\"}]},{\"@type\":\"WebSite\",\"@id\":\"https:\\\/\\\/4grass.pl\\\/#website\",\"url\":\"https:\\\/\\\/4grass.pl\\\/\",\"name\":\"4 Grass\",\"description\":\"\",\"publisher\":{\"@id\":\"https:\\\/\\\/4grass.pl\\\/#organization\"},\"potentialAction\":[{\"@type\":\"SearchAction\",\"target\":{\"@type\":\"EntryPoint\",\"urlTemplate\":\"https:\\\/\\\/4grass.pl\\\/?s={search_term_string}\"},\"query-input\":{\"@type\":\"PropertyValueSpecification\",\"valueRequired\":true,\"valueName\":\"search_term_string\"}}],\"inLanguage\":\"en-US\"},{\"@type\":\"Organization\",\"@id\":\"https:\\\/\\\/4grass.pl\\\/#organization\",\"name\":\"4 Grass\",\"url\":\"https:\\\/\\\/4grass.pl\\\/\",\"logo\":{\"@type\":\"ImageObject\",\"inLanguage\":\"en-US\",\"@id\":\"https:\\\/\\\/4grass.pl\\\/#\\\/schema\\\/logo\\\/image\\\/\",\"url\":\"https:\\\/\\\/4grass.pl\\\/wp-content\\\/uploads\\\/2026\\\/03\\\/LOGO-vektor-AKCEPT-e1773906645612.png\",\"contentUrl\":\"https:\\\/\\\/4grass.pl\\\/wp-content\\\/uploads\\\/2026\\\/03\\\/LOGO-vektor-AKCEPT-e1773906645612.png\",\"width\":925,\"height\":298,\"caption\":\"4 Grass\"},\"image\":{\"@id\":\"https:\\\/\\\/4grass.pl\\\/#\\\/schema\\\/logo\\\/image\\\/\"},\"sameAs\":[\"https:\\\/\\\/www.facebook.com\\\/4grassbabice\\\/\"],\"description\":\"4 Grass. Hurtownia z nawadnianiem. Jako specjali\u015bci w dziedzinie system\u00f3w nawadniania, oferujemy nie tylko szeroki asortyment produkt\u00f3w od renomowanych \u015bwiatowych producent\u00f3w, ale przede wszystkim kompleksowe wsparcie na ka\u017cdym etapie inwestycji.\"}]}<\/script>\n<!-- \/ Yoast SEO Premium plugin. -->","yoast_head_json":{"title":"Koszyk - 4 Grass","description":"4 Grass. Hurtownia z nawadnianiem. Jako specjali\u015bci w dziedzinie system\u00f3w nawadniania, oferujemy nie tylko szeroki asortyment produkt\u00f3w od renomowanych \u015bwiatowych producent\u00f3w, ale przede wszystkim kompleksowe wsparcie na ka\u017cdym etapie inwestycji.","robots":{"index":"index","follow":"follow","max-snippet":"max-snippet:-1","max-image-preview":"max-image-preview:large","max-video-preview":"max-video-preview:-1"},"canonical":"https:\/\/4grass.pl\/en\/koszyk\/","og_locale":"en_US","og_type":"article","og_title":"Koszyk | 4 Grass. Hurtownia z nawadnianiem","og_description":"4 Grass. Hurtownia z nawadnianiem. Jako specjali\u015bci w dziedzinie system\u00f3w nawadniania, oferujemy nie tylko szeroki asortyment produkt\u00f3w od renomowanych \u015bwiatowych producent\u00f3w, ale przede wszystkim kompleksowe wsparcie na ka\u017cdym etapie inwestycji.","og_url":"https:\/\/4grass.pl\/en\/koszyk\/","og_site_name":"4 Grass","article_publisher":"https:\/\/www.facebook.com\/4grassbabice\/","article_modified_time":"2026-03-11T07:58:52+00:00","og_image":[{"width":1600,"height":1067,"url":"https:\/\/4grass.pl\/wp-content\/uploads\/2026\/03\/zbcx0lvsfw.jpg","type":"image\/jpeg"}],"twitter_card":"summary_large_image","schema":{"@context":"https:\/\/schema.org","@graph":[{"@type":"WebPage","@id":"https:\/\/4grass.pl\/koszyk\/","url":"https:\/\/4grass.pl\/koszyk\/","name":"Koszyk - 4 Grass","isPartOf":{"@id":"https:\/\/4grass.pl\/#website"},"datePublished":"2026-03-11T07:49:00+00:00","dateModified":"2026-03-11T07:58:52+00:00","description":"4 Grass. Hurtownia z nawadnianiem. Jako specjali\u015bci w dziedzinie system\u00f3w nawadniania, oferujemy nie tylko szeroki asortyment produkt\u00f3w od renomowanych \u015bwiatowych producent\u00f3w, ale przede wszystkim kompleksowe wsparcie na ka\u017cdym etapie inwestycji.","breadcrumb":{"@id":"https:\/\/4grass.pl\/koszyk\/#breadcrumb"},"inLanguage":"en-US","potentialAction":[{"@type":"ReadAction","target":["https:\/\/4grass.pl\/koszyk\/"]}]},{"@type":"BreadcrumbList","@id":"https:\/\/4grass.pl\/koszyk\/#breadcrumb","itemListElement":[{"@type":"ListItem","position":1,"name":"Strona g\u0142\u00f3wna","item":"https:\/\/4grass.pl\/"},{"@type":"ListItem","position":2,"name":"Koszyk"}]},{"@type":"WebSite","@id":"https:\/\/4grass.pl\/#website","url":"https:\/\/4grass.pl\/","name":"4 Grass","description":"","publisher":{"@id":"https:\/\/4grass.pl\/#organization"},"potentialAction":[{"@type":"SearchAction","target":{"@type":"EntryPoint","urlTemplate":"https:\/\/4grass.pl\/?s={search_term_string}"},"query-input":{"@type":"PropertyValueSpecification","valueRequired":true,"valueName":"search_term_string"}}],"inLanguage":"en-US"},{"@type":"Organization","@id":"https:\/\/4grass.pl\/#organization","name":"4 Grass","url":"https:\/\/4grass.pl\/","logo":{"@type":"ImageObject","inLanguage":"en-US","@id":"https:\/\/4grass.pl\/#\/schema\/logo\/image\/","url":"https:\/\/4grass.pl\/wp-content\/uploads\/2026\/03\/LOGO-vektor-AKCEPT-e1773906645612.png","contentUrl":"https:\/\/4grass.pl\/wp-content\/uploads\/2026\/03\/LOGO-vektor-AKCEPT-e1773906645612.png","width":925,"height":298,"caption":"4 Grass"},"image":{"@id":"https:\/\/4grass.pl\/#\/schema\/logo\/image\/"},"sameAs":["https:\/\/www.facebook.com\/4grassbabice\/"],"description":"4 Grass. Hurtownia z nawadnianiem. Jako specjali\u015bci w dziedzinie system\u00f3w nawadniania, oferujemy nie tylko szeroki asortyment produkt\u00f3w od renomowanych \u015bwiatowych producent\u00f3w, ale przede wszystkim kompleksowe wsparcie na ka\u017cdym etapie inwestycji."}]}},"_links":{"self":[{"href":"https:\/\/4grass.pl\/en\/wp-json\/wp\/v2\/pages\/9","targetHints":{"allow":["GET"]}}],"collection":[{"href":"https:\/\/4grass.pl\/en\/wp-json\/wp\/v2\/pages"}],"about":[{"href":"https:\/\/4grass.pl\/en\/wp-json\/wp\/v2\/types\/page"}],"author":[{"embeddable":true,"href":"https:\/\/4grass.pl\/en\/wp-json\/wp\/v2\/users\/1"}],"replies":[{"embeddable":true,"href":"https:\/\/4grass.pl\/en\/wp-json\/wp\/v2\/comments?post=9"}],"version-history":[{"count":1,"href":"https:\/\/4grass.pl\/en\/wp-json\/wp\/v2\/pages\/9\/revisions"}],"predecessor-version":[{"id":14,"href":"https:\/\/4grass.pl\/en\/wp-json\/wp\/v2\/pages\/9\/revisions\/14"}],"wp:attachment":[{"href":"https:\/\/4grass.pl\/en\/wp-json\/wp\/v2\/media?parent=9"}],"curies":[{"name":"wp","href":"https:\/\/api.w.org\/{rel}","templated":true}]}}