{"id":10170,"date":"2026-03-19T08:35:07","date_gmt":"2026-03-19T07:35:07","guid":{"rendered":"https:\/\/4grass.pl\/?post_type=product&#038;p=10170"},"modified":"2026-04-03T14:40:05","modified_gmt":"2026-04-03T12:40:05","slug":"naandan-linia-kroplujaca-pe-16-mm-x-12-mm-47mil-4bar-130mikron-22l-h-33cm-brazowy-100m-typ-turfdrip-sub-surface","status":"publish","type":"product","link":"https:\/\/4grass.pl\/en\/sklep\/pozostale\/naandan-linia-kroplujaca-pe-16-mm-x-12-mm-47mil-4bar-130mikron-22l-h-33cm-brazowy-100m-typ-turfdrip-sub-surface\/","title":{"rendered":"NaanDan Linia kropluj\u0105ca PE 16 mm x 1,2 mm 47mil 4bar 130mikron 2,2l\/h 33cm br\u0105zowy 100m typ TurfDrip Sub Surface"},"content":{"rendered":"<p>Linia kropluj\u0105ca NaanDan TurfDrip z kroplownikiem Amnon PC AS jest idealny do komercyjnego nawadniania kropelkowego ro\u015blin okrywowych, g\u0119stych ro\u015blin, \u017cywop\u0142ot\u00f3w i drzew. AS to skr\u00f3t od Anti-Syphon, kt\u00f3ry umo\u017cliwia instalacj\u0119 tej linii kropluj\u0105cej nad i pod ziemi\u0105.<br \/>\nP\u0142aski kroplownik liniowy Amnon AS ma konstrukcj\u0119 zapobiegaj\u0105c\u0105 wrastaniu korzeni do kroplownika i zatykaniu go. Specjalny materia\u0142 TurfDrip zapewnia dodatkow\u0105 elastyczno\u015b\u0107 w celu unikni\u0119cia odkszta\u0142ce\u0144 zwoj\u00f3w przed i podczas instalacji.<br \/>\nBr\u0105zowe kr\u0119gi s\u0105 zapakowane w plastikow\u0105 foli\u0119, kt\u00f3ra pozwala zachowa\u0107 resztki w\u0119\u017ca kropluj\u0105cego w oryginalnym opakowaniu.<br \/>\nZakres regulacji ci\u015bnienia: 0,5 &#8211; 4,0 bar.<br \/>\nZalecana filtracja: 130 mikron\u00f3w.<\/p>","protected":false},"excerpt":{"rendered":"<p style=\"text-align: left;\">Linia kropluj\u0105ca NaanDan TurfDrip z kroplownikiem Amnon PC AS jest idealny do komercyjnego nawadniania kropelkowego ro\u015blin okrywowych, g\u0119stych ro\u015blin, \u017cywop\u0142ot\u00f3w i drzew. AS to skr\u00f3t od Anti-Syphon, kt\u00f3ry umo\u017cliwia instalacj\u0119 tej linii kropluj\u0105cej nad i pod ziemi\u0105.<\/p>","protected":false},"featured_media":10173,"template":"","meta":[],"product_brand":[111],"product_cat":[100],"product_tag":[],"class_list":{"0":"post-10170","1":"product","2":"type-product","3":"status-publish","4":"has-post-thumbnail","6":"product_brand-rainbird","7":"product_cat-pozostale","9":"first","10":"instock","11":"featured","12":"taxable","13":"shipping-taxable","14":"purchasable","15":"product-type-variable","16":"has-default-attributes"},"yoast_head":"<!-- This site is optimized with the Yoast SEO Premium plugin v24.4 (Yoast SEO v27.3) - https:\/\/yoast.com\/product\/yoast-seo-premium-wordpress\/ -->\n<title>NaanDan Linia kropluj\u0105ca PE 16 mm x 1,2 mm 47mil 4bar 130mikron 2,2l\/h 33cm br\u0105zowy 100m typ TurfDrip Sub Surface - 4 Grass<\/title>\n<meta name=\"robots\" content=\"index, follow, max-snippet:-1, max-image-preview:large, max-video-preview:-1\" \/>\n<link rel=\"canonical\" href=\"https:\/\/4grass.pl\/en\/sklep\/pozostale\/naandan-linia-kroplujaca-pe-16-mm-x-12-mm-47mil-4bar-130mikron-22l-h-33cm-brazowy-100m-typ-turfdrip-sub-surface\/\" \/>\n<meta property=\"og:locale\" content=\"en_US\" \/>\n<meta property=\"og:type\" content=\"article\" \/>\n<meta property=\"og:title\" content=\"NaanDan Linia kropluj\u0105ca PE 16 mm x 1,2 mm 47mil 4bar 130mikron 2,2l\/h 33cm br\u0105zowy 100m typ TurfDrip Sub Surface\" \/>\n<meta property=\"og:description\" content=\"Linia kropluj\u0105ca NaanDan TurfDrip z kroplownikiem Amnon PC AS jest idealny do komercyjnego nawadniania kropelkowego ro\u015blin okrywowych, g\u0119stych ro\u015blin, \u017cywop\u0142ot\u00f3w i drzew. AS to skr\u00f3t od Anti-Syphon, kt\u00f3ry umo\u017cliwia instalacj\u0119 tej linii kropluj\u0105cej nad i pod ziemi\u0105.\" \/>\n<meta property=\"og:url\" content=\"https:\/\/4grass.pl\/en\/sklep\/pozostale\/naandan-linia-kroplujaca-pe-16-mm-x-12-mm-47mil-4bar-130mikron-22l-h-33cm-brazowy-100m-typ-turfdrip-sub-surface\/\" \/>\n<meta property=\"og:site_name\" content=\"4 Grass\" \/>\n<meta property=\"article:publisher\" content=\"https:\/\/www.facebook.com\/4grassbabice\/\" \/>\n<meta property=\"article:modified_time\" content=\"2026-04-03T12:40:05+00:00\" \/>\n<meta property=\"og:image\" content=\"https:\/\/4grass.pl\/wp-content\/uploads\/2026\/03\/ad730b7b-7030182M_1920x1920-1.webp\" \/>\n\t<meta property=\"og:image:width\" content=\"1920\" \/>\n\t<meta property=\"og:image:height\" content=\"1299\" \/>\n\t<meta property=\"og:image:type\" content=\"image\/webp\" \/>\n<meta name=\"twitter:card\" content=\"summary_large_image\" \/>\n<meta name=\"twitter:label1\" content=\"Est. reading time\" \/>\n\t<meta name=\"twitter:data1\" content=\"1 minute\" \/>\n<script type=\"application\/ld+json\" class=\"yoast-schema-graph\">{\"@context\":\"https:\\\/\\\/schema.org\",\"@graph\":[{\"@type\":\"WebPage\",\"@id\":\"https:\\\/\\\/4grass.pl\\\/sklep\\\/pozostale\\\/naandan-linia-kroplujaca-pe-16-mm-x-12-mm-47mil-4bar-130mikron-22l-h-33cm-brazowy-100m-typ-turfdrip-sub-surface\\\/\",\"url\":\"https:\\\/\\\/4grass.pl\\\/sklep\\\/pozostale\\\/naandan-linia-kroplujaca-pe-16-mm-x-12-mm-47mil-4bar-130mikron-22l-h-33cm-brazowy-100m-typ-turfdrip-sub-surface\\\/\",\"name\":\"NaanDan Linia kropluj\u0105ca PE 16 mm x 1,2 mm 47mil 4bar 130mikron 2,2l\\\/h 33cm br\u0105zowy 100m typ TurfDrip Sub Surface - 4 Grass\",\"isPartOf\":{\"@id\":\"https:\\\/\\\/4grass.pl\\\/#website\"},\"primaryImageOfPage\":{\"@id\":\"https:\\\/\\\/4grass.pl\\\/sklep\\\/pozostale\\\/naandan-linia-kroplujaca-pe-16-mm-x-12-mm-47mil-4bar-130mikron-22l-h-33cm-brazowy-100m-typ-turfdrip-sub-surface\\\/#primaryimage\"},\"image\":{\"@id\":\"https:\\\/\\\/4grass.pl\\\/sklep\\\/pozostale\\\/naandan-linia-kroplujaca-pe-16-mm-x-12-mm-47mil-4bar-130mikron-22l-h-33cm-brazowy-100m-typ-turfdrip-sub-surface\\\/#primaryimage\"},\"thumbnailUrl\":\"https:\\\/\\\/4grass.pl\\\/wp-content\\\/uploads\\\/2026\\\/03\\\/ad730b7b-7030182M_1920x1920-1.webp\",\"datePublished\":\"2026-03-19T07:35:07+00:00\",\"dateModified\":\"2026-04-03T12:40:05+00:00\",\"breadcrumb\":{\"@id\":\"https:\\\/\\\/4grass.pl\\\/sklep\\\/pozostale\\\/naandan-linia-kroplujaca-pe-16-mm-x-12-mm-47mil-4bar-130mikron-22l-h-33cm-brazowy-100m-typ-turfdrip-sub-surface\\\/#breadcrumb\"},\"inLanguage\":\"en-US\",\"potentialAction\":[{\"@type\":\"ReadAction\",\"target\":[\"https:\\\/\\\/4grass.pl\\\/sklep\\\/pozostale\\\/naandan-linia-kroplujaca-pe-16-mm-x-12-mm-47mil-4bar-130mikron-22l-h-33cm-brazowy-100m-typ-turfdrip-sub-surface\\\/\"]}]},{\"@type\":\"ImageObject\",\"inLanguage\":\"en-US\",\"@id\":\"https:\\\/\\\/4grass.pl\\\/sklep\\\/pozostale\\\/naandan-linia-kroplujaca-pe-16-mm-x-12-mm-47mil-4bar-130mikron-22l-h-33cm-brazowy-100m-typ-turfdrip-sub-surface\\\/#primaryimage\",\"url\":\"https:\\\/\\\/4grass.pl\\\/wp-content\\\/uploads\\\/2026\\\/03\\\/ad730b7b-7030182M_1920x1920-1.webp\",\"contentUrl\":\"https:\\\/\\\/4grass.pl\\\/wp-content\\\/uploads\\\/2026\\\/03\\\/ad730b7b-7030182M_1920x1920-1.webp\",\"width\":1920,\"height\":1299},{\"@type\":\"BreadcrumbList\",\"@id\":\"https:\\\/\\\/4grass.pl\\\/sklep\\\/pozostale\\\/naandan-linia-kroplujaca-pe-16-mm-x-12-mm-47mil-4bar-130mikron-22l-h-33cm-brazowy-100m-typ-turfdrip-sub-surface\\\/#breadcrumb\",\"itemListElement\":[{\"@type\":\"ListItem\",\"position\":1,\"name\":\"Strona g\u0142\u00f3wna\",\"item\":\"https:\\\/\\\/4grass.pl\\\/\"},{\"@type\":\"ListItem\",\"position\":2,\"name\":\"Sklep\",\"item\":\"https:\\\/\\\/4grass.pl\\\/sklep\\\/\"},{\"@type\":\"ListItem\",\"position\":3,\"name\":\"NaanDan Linia kropluj\u0105ca PE 16 mm x 1,2 mm 47mil 4bar 130mikron 2,2l\\\/h 33cm br\u0105zowy 100m typ TurfDrip Sub Surface\"}]},{\"@type\":\"WebSite\",\"@id\":\"https:\\\/\\\/4grass.pl\\\/#website\",\"url\":\"https:\\\/\\\/4grass.pl\\\/\",\"name\":\"4 Grass\",\"description\":\"\",\"publisher\":{\"@id\":\"https:\\\/\\\/4grass.pl\\\/#organization\"},\"potentialAction\":[{\"@type\":\"SearchAction\",\"target\":{\"@type\":\"EntryPoint\",\"urlTemplate\":\"https:\\\/\\\/4grass.pl\\\/?s={search_term_string}\"},\"query-input\":{\"@type\":\"PropertyValueSpecification\",\"valueRequired\":true,\"valueName\":\"search_term_string\"}}],\"inLanguage\":\"en-US\"},{\"@type\":\"Organization\",\"@id\":\"https:\\\/\\\/4grass.pl\\\/#organization\",\"name\":\"4 Grass\",\"url\":\"https:\\\/\\\/4grass.pl\\\/\",\"logo\":{\"@type\":\"ImageObject\",\"inLanguage\":\"en-US\",\"@id\":\"https:\\\/\\\/4grass.pl\\\/#\\\/schema\\\/logo\\\/image\\\/\",\"url\":\"https:\\\/\\\/4grass.pl\\\/wp-content\\\/uploads\\\/2026\\\/03\\\/LOGO-vektor-AKCEPT-e1773906645612.png\",\"contentUrl\":\"https:\\\/\\\/4grass.pl\\\/wp-content\\\/uploads\\\/2026\\\/03\\\/LOGO-vektor-AKCEPT-e1773906645612.png\",\"width\":925,\"height\":298,\"caption\":\"4 Grass\"},\"image\":{\"@id\":\"https:\\\/\\\/4grass.pl\\\/#\\\/schema\\\/logo\\\/image\\\/\"},\"sameAs\":[\"https:\\\/\\\/www.facebook.com\\\/4grassbabice\\\/\"],\"description\":\"4 Grass. Hurtownia z nawadnianiem. Jako specjali\u015bci w dziedzinie system\u00f3w nawadniania, oferujemy nie tylko szeroki asortyment produkt\u00f3w od renomowanych \u015bwiatowych producent\u00f3w, ale przede wszystkim kompleksowe wsparcie na ka\u017cdym etapie inwestycji.\"}]}<\/script>\n<!-- \/ Yoast SEO Premium plugin. -->","yoast_head_json":{"title":"NaanDan Linia kropluj\u0105ca PE 16 mm x 1,2 mm 47mil 4bar 130mikron 2,2l\/h 33cm br\u0105zowy 100m typ TurfDrip Sub Surface - 4 Grass","robots":{"index":"index","follow":"follow","max-snippet":"max-snippet:-1","max-image-preview":"max-image-preview:large","max-video-preview":"max-video-preview:-1"},"canonical":"https:\/\/4grass.pl\/en\/sklep\/pozostale\/naandan-linia-kroplujaca-pe-16-mm-x-12-mm-47mil-4bar-130mikron-22l-h-33cm-brazowy-100m-typ-turfdrip-sub-surface\/","og_locale":"en_US","og_type":"article","og_title":"NaanDan Linia kropluj\u0105ca PE 16 mm x 1,2 mm 47mil 4bar 130mikron 2,2l\/h 33cm br\u0105zowy 100m typ TurfDrip Sub Surface","og_description":"Linia kropluj\u0105ca NaanDan TurfDrip z kroplownikiem Amnon PC AS jest idealny do komercyjnego nawadniania kropelkowego ro\u015blin okrywowych, g\u0119stych ro\u015blin, \u017cywop\u0142ot\u00f3w i drzew. AS to skr\u00f3t od Anti-Syphon, kt\u00f3ry umo\u017cliwia instalacj\u0119 tej linii kropluj\u0105cej nad i pod ziemi\u0105.","og_url":"https:\/\/4grass.pl\/en\/sklep\/pozostale\/naandan-linia-kroplujaca-pe-16-mm-x-12-mm-47mil-4bar-130mikron-22l-h-33cm-brazowy-100m-typ-turfdrip-sub-surface\/","og_site_name":"4 Grass","article_publisher":"https:\/\/www.facebook.com\/4grassbabice\/","article_modified_time":"2026-04-03T12:40:05+00:00","og_image":[{"width":1920,"height":1299,"url":"https:\/\/4grass.pl\/wp-content\/uploads\/2026\/03\/ad730b7b-7030182M_1920x1920-1.webp","type":"image\/webp"}],"twitter_card":"summary_large_image","twitter_misc":{"Est. reading time":"1 minute"},"schema":{"@context":"https:\/\/schema.org","@graph":[{"@type":"WebPage","@id":"https:\/\/4grass.pl\/sklep\/pozostale\/naandan-linia-kroplujaca-pe-16-mm-x-12-mm-47mil-4bar-130mikron-22l-h-33cm-brazowy-100m-typ-turfdrip-sub-surface\/","url":"https:\/\/4grass.pl\/sklep\/pozostale\/naandan-linia-kroplujaca-pe-16-mm-x-12-mm-47mil-4bar-130mikron-22l-h-33cm-brazowy-100m-typ-turfdrip-sub-surface\/","name":"NaanDan Linia kropluj\u0105ca PE 16 mm x 1,2 mm 47mil 4bar 130mikron 2,2l\/h 33cm br\u0105zowy 100m typ TurfDrip Sub Surface - 4 Grass","isPartOf":{"@id":"https:\/\/4grass.pl\/#website"},"primaryImageOfPage":{"@id":"https:\/\/4grass.pl\/sklep\/pozostale\/naandan-linia-kroplujaca-pe-16-mm-x-12-mm-47mil-4bar-130mikron-22l-h-33cm-brazowy-100m-typ-turfdrip-sub-surface\/#primaryimage"},"image":{"@id":"https:\/\/4grass.pl\/sklep\/pozostale\/naandan-linia-kroplujaca-pe-16-mm-x-12-mm-47mil-4bar-130mikron-22l-h-33cm-brazowy-100m-typ-turfdrip-sub-surface\/#primaryimage"},"thumbnailUrl":"https:\/\/4grass.pl\/wp-content\/uploads\/2026\/03\/ad730b7b-7030182M_1920x1920-1.webp","datePublished":"2026-03-19T07:35:07+00:00","dateModified":"2026-04-03T12:40:05+00:00","breadcrumb":{"@id":"https:\/\/4grass.pl\/sklep\/pozostale\/naandan-linia-kroplujaca-pe-16-mm-x-12-mm-47mil-4bar-130mikron-22l-h-33cm-brazowy-100m-typ-turfdrip-sub-surface\/#breadcrumb"},"inLanguage":"en-US","potentialAction":[{"@type":"ReadAction","target":["https:\/\/4grass.pl\/sklep\/pozostale\/naandan-linia-kroplujaca-pe-16-mm-x-12-mm-47mil-4bar-130mikron-22l-h-33cm-brazowy-100m-typ-turfdrip-sub-surface\/"]}]},{"@type":"ImageObject","inLanguage":"en-US","@id":"https:\/\/4grass.pl\/sklep\/pozostale\/naandan-linia-kroplujaca-pe-16-mm-x-12-mm-47mil-4bar-130mikron-22l-h-33cm-brazowy-100m-typ-turfdrip-sub-surface\/#primaryimage","url":"https:\/\/4grass.pl\/wp-content\/uploads\/2026\/03\/ad730b7b-7030182M_1920x1920-1.webp","contentUrl":"https:\/\/4grass.pl\/wp-content\/uploads\/2026\/03\/ad730b7b-7030182M_1920x1920-1.webp","width":1920,"height":1299},{"@type":"BreadcrumbList","@id":"https:\/\/4grass.pl\/sklep\/pozostale\/naandan-linia-kroplujaca-pe-16-mm-x-12-mm-47mil-4bar-130mikron-22l-h-33cm-brazowy-100m-typ-turfdrip-sub-surface\/#breadcrumb","itemListElement":[{"@type":"ListItem","position":1,"name":"Strona g\u0142\u00f3wna","item":"https:\/\/4grass.pl\/"},{"@type":"ListItem","position":2,"name":"Sklep","item":"https:\/\/4grass.pl\/sklep\/"},{"@type":"ListItem","position":3,"name":"NaanDan Linia kropluj\u0105ca PE 16 mm x 1,2 mm 47mil 4bar 130mikron 2,2l\/h 33cm br\u0105zowy 100m typ TurfDrip Sub Surface"}]},{"@type":"WebSite","@id":"https:\/\/4grass.pl\/#website","url":"https:\/\/4grass.pl\/","name":"4 Grass","description":"","publisher":{"@id":"https:\/\/4grass.pl\/#organization"},"potentialAction":[{"@type":"SearchAction","target":{"@type":"EntryPoint","urlTemplate":"https:\/\/4grass.pl\/?s={search_term_string}"},"query-input":{"@type":"PropertyValueSpecification","valueRequired":true,"valueName":"search_term_string"}}],"inLanguage":"en-US"},{"@type":"Organization","@id":"https:\/\/4grass.pl\/#organization","name":"4 Grass","url":"https:\/\/4grass.pl\/","logo":{"@type":"ImageObject","inLanguage":"en-US","@id":"https:\/\/4grass.pl\/#\/schema\/logo\/image\/","url":"https:\/\/4grass.pl\/wp-content\/uploads\/2026\/03\/LOGO-vektor-AKCEPT-e1773906645612.png","contentUrl":"https:\/\/4grass.pl\/wp-content\/uploads\/2026\/03\/LOGO-vektor-AKCEPT-e1773906645612.png","width":925,"height":298,"caption":"4 Grass"},"image":{"@id":"https:\/\/4grass.pl\/#\/schema\/logo\/image\/"},"sameAs":["https:\/\/www.facebook.com\/4grassbabice\/"],"description":"4 Grass. Hurtownia z nawadnianiem. Jako specjali\u015bci w dziedzinie system\u00f3w nawadniania, oferujemy nie tylko szeroki asortyment produkt\u00f3w od renomowanych \u015bwiatowych producent\u00f3w, ale przede wszystkim kompleksowe wsparcie na ka\u017cdym etapie inwestycji."}]}},"_links":{"self":[{"href":"https:\/\/4grass.pl\/en\/wp-json\/wp\/v2\/product\/10170","targetHints":{"allow":["GET"]}}],"collection":[{"href":"https:\/\/4grass.pl\/en\/wp-json\/wp\/v2\/product"}],"about":[{"href":"https:\/\/4grass.pl\/en\/wp-json\/wp\/v2\/types\/product"}],"version-history":[{"count":3,"href":"https:\/\/4grass.pl\/en\/wp-json\/wp\/v2\/product\/10170\/revisions"}],"predecessor-version":[{"id":10502,"href":"https:\/\/4grass.pl\/en\/wp-json\/wp\/v2\/product\/10170\/revisions\/10502"}],"wp:featuredmedia":[{"embeddable":true,"href":"https:\/\/4grass.pl\/en\/wp-json\/wp\/v2\/media\/10173"}],"wp:attachment":[{"href":"https:\/\/4grass.pl\/en\/wp-json\/wp\/v2\/media?parent=10170"}],"wp:term":[{"taxonomy":"product_brand","embeddable":true,"href":"https:\/\/4grass.pl\/en\/wp-json\/wp\/v2\/product_brand?post=10170"},{"taxonomy":"product_cat","embeddable":true,"href":"https:\/\/4grass.pl\/en\/wp-json\/wp\/v2\/product_cat?post=10170"},{"taxonomy":"product_tag","embeddable":true,"href":"https:\/\/4grass.pl\/en\/wp-json\/wp\/v2\/product_tag?post=10170"}],"curies":[{"name":"wp","href":"https:\/\/api.w.org\/{rel}","templated":true}]}}