{"id":10295,"date":"2026-03-19T11:09:59","date_gmt":"2026-03-19T10:09:59","guid":{"rendered":"https:\/\/4grass.pl\/?post_type=product&#038;p=10295"},"modified":"2026-03-19T11:10:55","modified_gmt":"2026-03-19T10:10:55","slug":"projekt-nawadniania-ogrodu","status":"publish","type":"product","link":"https:\/\/4grass.pl\/en\/sklep\/pozostale\/projekt-nawadniania-ogrodu\/","title":{"rendered":"Projekt nawadniania ogrodu"},"content":{"rendered":"","protected":false},"excerpt":{"rendered":"","protected":false},"featured_media":10006,"template":"","meta":[],"product_brand":[],"product_cat":[100],"product_tag":[],"class_list":{"0":"post-10295","1":"product","2":"type-product","3":"status-publish","4":"has-post-thumbnail","6":"product_cat-pozostale","8":"first","9":"instock","10":"taxable","11":"shipping-taxable","12":"product-type-simple"},"yoast_head":"<!-- This site is optimized with the Yoast SEO Premium plugin v24.4 (Yoast SEO v27.3) - https:\/\/yoast.com\/product\/yoast-seo-premium-wordpress\/ -->\n<title>Projekt nawadniania ogrodu - 4 Grass<\/title>\n<meta name=\"robots\" content=\"index, follow, max-snippet:-1, max-image-preview:large, max-video-preview:-1\" \/>\n<link rel=\"canonical\" href=\"https:\/\/4grass.pl\/en\/sklep\/pozostale\/projekt-nawadniania-ogrodu\/\" \/>\n<meta property=\"og:locale\" content=\"en_US\" \/>\n<meta property=\"og:type\" content=\"article\" \/>\n<meta property=\"og:title\" content=\"Projekt nawadniania ogrodu\" \/>\n<meta property=\"og:url\" content=\"https:\/\/4grass.pl\/en\/sklep\/pozostale\/projekt-nawadniania-ogrodu\/\" \/>\n<meta property=\"og:site_name\" content=\"4 Grass\" \/>\n<meta property=\"article:publisher\" content=\"https:\/\/www.facebook.com\/4grassbabice\/\" \/>\n<meta property=\"article:modified_time\" content=\"2026-03-19T10:10:55+00:00\" \/>\n<meta property=\"og:image\" content=\"https:\/\/4grass.pl\/wp-content\/uploads\/2026\/03\/wood-layout-img-2.jpg\" \/>\n\t<meta property=\"og:image:width\" content=\"566\" \/>\n\t<meta property=\"og:image:height\" content=\"580\" \/>\n\t<meta property=\"og:image:type\" content=\"image\/jpeg\" \/>\n<meta name=\"twitter:card\" content=\"summary_large_image\" \/>\n<script type=\"application\/ld+json\" class=\"yoast-schema-graph\">{\"@context\":\"https:\\\/\\\/schema.org\",\"@graph\":[{\"@type\":\"WebPage\",\"@id\":\"https:\\\/\\\/4grass.pl\\\/sklep\\\/pozostale\\\/projekt-nawadniania-ogrodu\\\/\",\"url\":\"https:\\\/\\\/4grass.pl\\\/sklep\\\/pozostale\\\/projekt-nawadniania-ogrodu\\\/\",\"name\":\"Projekt nawadniania ogrodu - 4 Grass\",\"isPartOf\":{\"@id\":\"https:\\\/\\\/4grass.pl\\\/#website\"},\"primaryImageOfPage\":{\"@id\":\"https:\\\/\\\/4grass.pl\\\/sklep\\\/pozostale\\\/projekt-nawadniania-ogrodu\\\/#primaryimage\"},\"image\":{\"@id\":\"https:\\\/\\\/4grass.pl\\\/sklep\\\/pozostale\\\/projekt-nawadniania-ogrodu\\\/#primaryimage\"},\"thumbnailUrl\":\"https:\\\/\\\/4grass.pl\\\/wp-content\\\/uploads\\\/2026\\\/03\\\/wood-layout-img-2.jpg\",\"datePublished\":\"2026-03-19T10:09:59+00:00\",\"dateModified\":\"2026-03-19T10:10:55+00:00\",\"breadcrumb\":{\"@id\":\"https:\\\/\\\/4grass.pl\\\/sklep\\\/pozostale\\\/projekt-nawadniania-ogrodu\\\/#breadcrumb\"},\"inLanguage\":\"en-US\",\"potentialAction\":[{\"@type\":\"ReadAction\",\"target\":[\"https:\\\/\\\/4grass.pl\\\/sklep\\\/pozostale\\\/projekt-nawadniania-ogrodu\\\/\"]}]},{\"@type\":\"ImageObject\",\"inLanguage\":\"en-US\",\"@id\":\"https:\\\/\\\/4grass.pl\\\/sklep\\\/pozostale\\\/projekt-nawadniania-ogrodu\\\/#primaryimage\",\"url\":\"https:\\\/\\\/4grass.pl\\\/wp-content\\\/uploads\\\/2026\\\/03\\\/wood-layout-img-2.jpg\",\"contentUrl\":\"https:\\\/\\\/4grass.pl\\\/wp-content\\\/uploads\\\/2026\\\/03\\\/wood-layout-img-2.jpg\",\"width\":566,\"height\":580},{\"@type\":\"BreadcrumbList\",\"@id\":\"https:\\\/\\\/4grass.pl\\\/sklep\\\/pozostale\\\/projekt-nawadniania-ogrodu\\\/#breadcrumb\",\"itemListElement\":[{\"@type\":\"ListItem\",\"position\":1,\"name\":\"Strona g\u0142\u00f3wna\",\"item\":\"https:\\\/\\\/4grass.pl\\\/\"},{\"@type\":\"ListItem\",\"position\":2,\"name\":\"Sklep\",\"item\":\"https:\\\/\\\/4grass.pl\\\/sklep\\\/\"},{\"@type\":\"ListItem\",\"position\":3,\"name\":\"Projekt nawadniania ogrodu\"}]},{\"@type\":\"WebSite\",\"@id\":\"https:\\\/\\\/4grass.pl\\\/#website\",\"url\":\"https:\\\/\\\/4grass.pl\\\/\",\"name\":\"4 Grass\",\"description\":\"\",\"publisher\":{\"@id\":\"https:\\\/\\\/4grass.pl\\\/#organization\"},\"potentialAction\":[{\"@type\":\"SearchAction\",\"target\":{\"@type\":\"EntryPoint\",\"urlTemplate\":\"https:\\\/\\\/4grass.pl\\\/?s={search_term_string}\"},\"query-input\":{\"@type\":\"PropertyValueSpecification\",\"valueRequired\":true,\"valueName\":\"search_term_string\"}}],\"inLanguage\":\"en-US\"},{\"@type\":\"Organization\",\"@id\":\"https:\\\/\\\/4grass.pl\\\/#organization\",\"name\":\"4 Grass\",\"url\":\"https:\\\/\\\/4grass.pl\\\/\",\"logo\":{\"@type\":\"ImageObject\",\"inLanguage\":\"en-US\",\"@id\":\"https:\\\/\\\/4grass.pl\\\/#\\\/schema\\\/logo\\\/image\\\/\",\"url\":\"https:\\\/\\\/4grass.pl\\\/wp-content\\\/uploads\\\/2026\\\/03\\\/LOGO-vektor-AKCEPT-e1773906645612.png\",\"contentUrl\":\"https:\\\/\\\/4grass.pl\\\/wp-content\\\/uploads\\\/2026\\\/03\\\/LOGO-vektor-AKCEPT-e1773906645612.png\",\"width\":925,\"height\":298,\"caption\":\"4 Grass\"},\"image\":{\"@id\":\"https:\\\/\\\/4grass.pl\\\/#\\\/schema\\\/logo\\\/image\\\/\"},\"sameAs\":[\"https:\\\/\\\/www.facebook.com\\\/4grassbabice\\\/\"],\"description\":\"4 Grass. Hurtownia z nawadnianiem. Jako specjali\u015bci w dziedzinie system\u00f3w nawadniania, oferujemy nie tylko szeroki asortyment produkt\u00f3w od renomowanych \u015bwiatowych producent\u00f3w, ale przede wszystkim kompleksowe wsparcie na ka\u017cdym etapie inwestycji.\"}]}<\/script>\n<!-- \/ Yoast SEO Premium plugin. -->","yoast_head_json":{"title":"Projekt nawadniania ogrodu - 4 Grass","robots":{"index":"index","follow":"follow","max-snippet":"max-snippet:-1","max-image-preview":"max-image-preview:large","max-video-preview":"max-video-preview:-1"},"canonical":"https:\/\/4grass.pl\/en\/sklep\/pozostale\/projekt-nawadniania-ogrodu\/","og_locale":"en_US","og_type":"article","og_title":"Projekt nawadniania ogrodu","og_url":"https:\/\/4grass.pl\/en\/sklep\/pozostale\/projekt-nawadniania-ogrodu\/","og_site_name":"4 Grass","article_publisher":"https:\/\/www.facebook.com\/4grassbabice\/","article_modified_time":"2026-03-19T10:10:55+00:00","og_image":[{"width":566,"height":580,"url":"https:\/\/4grass.pl\/wp-content\/uploads\/2026\/03\/wood-layout-img-2.jpg","type":"image\/jpeg"}],"twitter_card":"summary_large_image","schema":{"@context":"https:\/\/schema.org","@graph":[{"@type":"WebPage","@id":"https:\/\/4grass.pl\/sklep\/pozostale\/projekt-nawadniania-ogrodu\/","url":"https:\/\/4grass.pl\/sklep\/pozostale\/projekt-nawadniania-ogrodu\/","name":"Projekt nawadniania ogrodu - 4 Grass","isPartOf":{"@id":"https:\/\/4grass.pl\/#website"},"primaryImageOfPage":{"@id":"https:\/\/4grass.pl\/sklep\/pozostale\/projekt-nawadniania-ogrodu\/#primaryimage"},"image":{"@id":"https:\/\/4grass.pl\/sklep\/pozostale\/projekt-nawadniania-ogrodu\/#primaryimage"},"thumbnailUrl":"https:\/\/4grass.pl\/wp-content\/uploads\/2026\/03\/wood-layout-img-2.jpg","datePublished":"2026-03-19T10:09:59+00:00","dateModified":"2026-03-19T10:10:55+00:00","breadcrumb":{"@id":"https:\/\/4grass.pl\/sklep\/pozostale\/projekt-nawadniania-ogrodu\/#breadcrumb"},"inLanguage":"en-US","potentialAction":[{"@type":"ReadAction","target":["https:\/\/4grass.pl\/sklep\/pozostale\/projekt-nawadniania-ogrodu\/"]}]},{"@type":"ImageObject","inLanguage":"en-US","@id":"https:\/\/4grass.pl\/sklep\/pozostale\/projekt-nawadniania-ogrodu\/#primaryimage","url":"https:\/\/4grass.pl\/wp-content\/uploads\/2026\/03\/wood-layout-img-2.jpg","contentUrl":"https:\/\/4grass.pl\/wp-content\/uploads\/2026\/03\/wood-layout-img-2.jpg","width":566,"height":580},{"@type":"BreadcrumbList","@id":"https:\/\/4grass.pl\/sklep\/pozostale\/projekt-nawadniania-ogrodu\/#breadcrumb","itemListElement":[{"@type":"ListItem","position":1,"name":"Strona g\u0142\u00f3wna","item":"https:\/\/4grass.pl\/"},{"@type":"ListItem","position":2,"name":"Sklep","item":"https:\/\/4grass.pl\/sklep\/"},{"@type":"ListItem","position":3,"name":"Projekt nawadniania ogrodu"}]},{"@type":"WebSite","@id":"https:\/\/4grass.pl\/#website","url":"https:\/\/4grass.pl\/","name":"4 Grass","description":"","publisher":{"@id":"https:\/\/4grass.pl\/#organization"},"potentialAction":[{"@type":"SearchAction","target":{"@type":"EntryPoint","urlTemplate":"https:\/\/4grass.pl\/?s={search_term_string}"},"query-input":{"@type":"PropertyValueSpecification","valueRequired":true,"valueName":"search_term_string"}}],"inLanguage":"en-US"},{"@type":"Organization","@id":"https:\/\/4grass.pl\/#organization","name":"4 Grass","url":"https:\/\/4grass.pl\/","logo":{"@type":"ImageObject","inLanguage":"en-US","@id":"https:\/\/4grass.pl\/#\/schema\/logo\/image\/","url":"https:\/\/4grass.pl\/wp-content\/uploads\/2026\/03\/LOGO-vektor-AKCEPT-e1773906645612.png","contentUrl":"https:\/\/4grass.pl\/wp-content\/uploads\/2026\/03\/LOGO-vektor-AKCEPT-e1773906645612.png","width":925,"height":298,"caption":"4 Grass"},"image":{"@id":"https:\/\/4grass.pl\/#\/schema\/logo\/image\/"},"sameAs":["https:\/\/www.facebook.com\/4grassbabice\/"],"description":"4 Grass. Hurtownia z nawadnianiem. Jako specjali\u015bci w dziedzinie system\u00f3w nawadniania, oferujemy nie tylko szeroki asortyment produkt\u00f3w od renomowanych \u015bwiatowych producent\u00f3w, ale przede wszystkim kompleksowe wsparcie na ka\u017cdym etapie inwestycji."}]}},"_links":{"self":[{"href":"https:\/\/4grass.pl\/en\/wp-json\/wp\/v2\/product\/10295","targetHints":{"allow":["GET"]}}],"collection":[{"href":"https:\/\/4grass.pl\/en\/wp-json\/wp\/v2\/product"}],"about":[{"href":"https:\/\/4grass.pl\/en\/wp-json\/wp\/v2\/types\/product"}],"version-history":[{"count":2,"href":"https:\/\/4grass.pl\/en\/wp-json\/wp\/v2\/product\/10295\/revisions"}],"predecessor-version":[{"id":10490,"href":"https:\/\/4grass.pl\/en\/wp-json\/wp\/v2\/product\/10295\/revisions\/10490"}],"wp:featuredmedia":[{"embeddable":true,"href":"https:\/\/4grass.pl\/en\/wp-json\/wp\/v2\/media\/10006"}],"wp:attachment":[{"href":"https:\/\/4grass.pl\/en\/wp-json\/wp\/v2\/media?parent=10295"}],"wp:term":[{"taxonomy":"product_brand","embeddable":true,"href":"https:\/\/4grass.pl\/en\/wp-json\/wp\/v2\/product_brand?post=10295"},{"taxonomy":"product_cat","embeddable":true,"href":"https:\/\/4grass.pl\/en\/wp-json\/wp\/v2\/product_cat?post=10295"},{"taxonomy":"product_tag","embeddable":true,"href":"https:\/\/4grass.pl\/en\/wp-json\/wp\/v2\/product_tag?post=10295"}],"curies":[{"name":"wp","href":"https:\/\/api.w.org\/{rel}","templated":true}]}}